{"id":1263,"date":"2024-02-09T13:16:26","date_gmt":"2024-02-09T18:16:26","guid":{"rendered":"https:\/\/modernveterinarytherapeutics.com\/?page_id=1263"},"modified":"2024-07-22T10:04:20","modified_gmt":"2024-07-22T14:04:20","slug":"conditions-dutilisation","status":"publish","type":"page","link":"https:\/\/modernveterinarytherapeutics.com\/fr\/conditions-dutilisation\/","title":{"rendered":"Conditions d&#8217;Utilisation"},"content":{"rendered":"<div class=\"wpb-content-wrapper\"><p>[vc_row row_type=&#8221;row&#8221; use_row_as_full_screen_section=&#8221;no&#8221; type=&#8221;full_width&#8221; angled_section=&#8221;no&#8221; text_align=&#8221;left&#8221; background_image_as_pattern=&#8221;without_pattern&#8221; css=&#8221;.vc_custom_1707501309784{background-color: #ffffff !important;}&#8221;][vc_column el_class=&#8221;width-narrow-container py-5 py-lg-6&#8243;][vc_column_text css=&#8221;.vc_custom_1721656901753{margin-bottom: 0px !important;}&#8221; el_class=&#8221;text-center pb-5 pb-lg-6&#8243;]<\/p>\n<h1>Conditions d&#8217;Utilisation<\/h1>\n<p>[\/vc_column_text][vc_column_text css=&#8221;&#8221;]En acc\u00e9dant ou en utilisant notre site Web Modern Veterinary Therapeutics (le &#8220;Site Web&#8221; ou le &#8220;Service&#8221;) exploit\u00e9 par Modern Veterinary Therapeutics (&#8220;nous&#8221;, &#8220;notre&#8221; ou &#8220;nos&#8221;), vous acceptez de vous conformer aux pr\u00e9sents Termes de service (&#8220;Termes&#8221;). Veuillez lire attentivement ces Termes avant d&#8217;utiliser ce site Web.[\/vc_column_text][vc_column_text css=&#8221;&#8221;]Votre acc\u00e8s et votre utilisation du Service sont conditionn\u00e9s par votre acceptation et votre conformit\u00e9 \u00e0 ces Termes. Ils s&#8217;appliquent \u00e0 tous les visiteurs, utilisateurs et autres personnes cherchant \u00e0 acc\u00e9der ou \u00e0 utiliser le Service. En acc\u00e9dant ou en utilisant le Service, vous acceptez d&#8217;\u00eatre li\u00e9 par ces Termes. Si vous n&#8217;acceptez pas une partie de ces termes, vous n&#8217;avez pas la permission d&#8217;acc\u00e9der au Service.[\/vc_column_text][vc_column_text css=&#8221;&#8221;]<\/p>\n<h3>Compte v\u00e9t\u00e9rinaire<\/h3>\n<p>[\/vc_column_text][vc_column_text css=&#8221;&#8221;]Pour acc\u00e9der \u00e0 certaines fonctionnalit\u00e9s de notre service, y compris la possibilit\u00e9 d&#8217;acheter des produits pharmaceutiques v\u00e9t\u00e9rinaires ou de consulter des informations compl\u00e8tes sur les produits, vous devez cr\u00e9er un compte. En cr\u00e9ant un compte, vous d\u00e9clarez et garantissez \u00eatre un v\u00e9t\u00e9rinaire agr\u00e9\u00e9. Vous acceptez de fournir des informations pr\u00e9cises, actuelles et compl\u00e8tes lors du processus d&#8217;inscription et de mettre \u00e0 jour ces informations pour les maintenir pr\u00e9cises, actuelles et compl\u00e8tes. Vous \u00eates responsable de maintenir la confidentialit\u00e9 de votre compte et de votre mot de passe, et vous acceptez de nous informer imm\u00e9diatement de toute utilisation non autoris\u00e9e ou de toute violation de s\u00e9curit\u00e9. Nous nous r\u00e9servons le droit de refuser le service, de r\u00e9silier les comptes, de supprimer ou de modifier le contenu, ou d&#8217;annuler les commandes \u00e0 notre discr\u00e9tion.[\/vc_column_text][vc_column_text css=&#8221;&#8221;]<\/p>\n<h3>V\u00e9rification de la licence<\/h3>\n<p>[\/vc_column_text][vc_column_text css=&#8221;&#8221;]\u00c0 la cr\u00e9ation d&#8217;un compte, Modern Veterinary Therapeutics se r\u00e9serve le droit de v\u00e9rifier votre licence v\u00e9t\u00e9rinaire. Le fait de fournir des informations inexactes ou de ne pas v\u00e9rifier votre licence peut entra\u00eener la suspension ou la r\u00e9siliation de votre compte.[\/vc_column_text][vc_column_text css=&#8221;&#8221;]<\/p>\n<h3>Utilisation du site Web<\/h3>\n<p>[\/vc_column_text][vc_column_text css=&#8221;&#8221;]Vous acceptez d&#8217;utiliser le site Web conform\u00e9ment \u00e0 toutes les lois et r\u00e9glementations applicables. Vous \u00eates seul responsable de toutes les activit\u00e9s qui se d\u00e9roulent sous votre compte.[\/vc_column_text][vc_column_text css=&#8221;&#8221;]<\/p>\n<h3>Commandes<\/h3>\n<p>[\/vc_column_text][vc_column_text css=&#8221;&#8221;]Les produits pharmaceutiques disponibles sur notre site Web sont destin\u00e9s \u00e0 \u00eatre utilis\u00e9s uniquement par des v\u00e9t\u00e9rinaires agr\u00e9\u00e9s. En achetant des produits via notre site Web, vous confirmez \u00eatre un v\u00e9t\u00e9rinaire agr\u00e9\u00e9 et utiliser les produits conform\u00e9ment aux lois et r\u00e9glementations applicables. Si vous avez l&#8217;intention de commander un produit disponible via le Service (&#8220;Commande&#8221;), vous pourriez \u00eatre tenu de fournir des informations sp\u00e9cifiques li\u00e9es \u00e0 votre commande, telles que le num\u00e9ro de licence, l&#8217;adresse de facturation et les informations de livraison. En soumettant ces informations, vous affirmez que les informations sont exactes et compl\u00e8tes. En soumettant vos informations, vous nous accordez le droit de partager ces informations avec des tiers, sous r\u00e9serve de notre Politique de confidentialit\u00e9.[\/vc_column_text][vc_column_text css=&#8221;&#8221;]<\/p>\n<h3>Prix<\/h3>\n<p>[\/vc_column_text][vc_column_text css=&#8221;&#8221;]Tous les prix sur la liste de prix sont sujets \u00e0 changement sans pr\u00e9avis.[\/vc_column_text][vc_column_text css=&#8221;&#8221;]<\/p>\n<h3>Politique de confidentialit\u00e9<\/h3>\n<p>[\/vc_column_text][vc_column_text css=&#8221;&#8221;]Votre utilisation du site Web est \u00e9galement r\u00e9gie par notre Politique de confidentialit\u00e9, disponible ici. En utilisant le site Web, vous consentez aux conditions de la Politique de confidentialit\u00e9.[\/vc_column_text][vc_column_text css=&#8221;&#8221;]<\/p>\n<h3>Liens vers d&#8217;autres sites Web<\/h3>\n<p>[\/vc_column_text][vc_column_text css=&#8221;&#8221;]Modern Veterinary Therapeutics n&#8217;est pas responsable du contenu, des politiques de confidentialit\u00e9 ou des pratiques des sites Web tiers li\u00e9s sur notre site Web. Nous vous conseillons de consulter les conditions g\u00e9n\u00e9rales et les politiques de confidentialit\u00e9 de tous les sites Web tiers que vous visitez.[\/vc_column_text][vc_column_text css=&#8221;&#8221;]<\/p>\n<h3>Produits<\/h3>\n<p>[\/vc_column_text][vc_column_text css=&#8221;&#8221;]Nous faisons tout notre possible pour afficher aussi pr\u00e9cis\u00e9ment que possible les couleurs, les caract\u00e9ristiques, les sp\u00e9cifications et les d\u00e9tails des produits disponibles sur le site Web. Cependant, nous ne garantissons pas que les couleurs, les caract\u00e9ristiques, les sp\u00e9cifications et les d\u00e9tails des produits seront exacts, complets, fiables, actuels ou exempts d&#8217;autres erreurs, et votre affichage \u00e9lectronique peut ne pas refl\u00e9ter avec pr\u00e9cision les couleurs et les d\u00e9tails r\u00e9els des produits. Tous les produits sont soumis \u00e0 disponibilit\u00e9, et nous ne pouvons garantir que les articles seront en stock. Nous nous r\u00e9servons le droit de discontinuer tout produit \u00e0 tout moment et pour n&#8217;importe quelle raison. Les prix de tous les produits sont sujets \u00e0 changement.[\/vc_column_text][vc_column_text css=&#8221;&#8221;]<\/p>\n<h3>Propri\u00e9t\u00e9 intellectuelle<\/h3>\n<p>[\/vc_column_text][vc_column_text css=&#8221;&#8221;]Le contenu du site Web, y compris mais sans s&#8217;y limiter le texte, les graphiques, les logos, les ic\u00f4nes de bouton, les images, les clips audio et les logiciels, est la propri\u00e9t\u00e9 de Modern Veterinary Therapeutics et est prot\u00e9g\u00e9 par les lois sur la propri\u00e9t\u00e9 intellectuelle. Vous n&#8217;\u00eates pas autoris\u00e9 \u00e0 utiliser, reproduire, distribuer, afficher ou cr\u00e9er des \u0153uvres d\u00e9riv\u00e9es de toute partie du site Web sans le consentement \u00e9crit pr\u00e9alable de Modern Veterinary Therapeutics.[\/vc_column_text][vc_column_text css=&#8221;&#8221;]<\/p>\n<h3>R\u00e9siliation<\/h3>\n<p>[\/vc_column_text][vc_column_text css=&#8221;&#8221;]Modern Veterinary Therapeutics se r\u00e9serve le droit de r\u00e9silier ou de suspendre votre compte et votre acc\u00e8s au site Web \u00e0 tout moment et pour quelque raison que ce soit, sans pr\u00e9avis.[\/vc_column_text][vc_column_text css=&#8221;&#8221;]<\/p>\n<h3>Modification de ces Termes de service<\/h3>\n<p>[\/vc_column_text][vc_column_text css=&#8221;&#8221;]Nous nous r\u00e9servons le droit de modifier ou de remplacer ces Termes \u00e0 notre discr\u00e9tion. Les r\u00e9visions seront notifi\u00e9es \u00e0 l&#8217;avance. L&#8217;utilisation continue du Service apr\u00e8s la date d&#8217;entr\u00e9e en vigueur constitue l&#8217;acceptation des termes r\u00e9vis\u00e9s.[\/vc_column_text][vc_column_text css=&#8221;&#8221;]<\/p>\n<h3>Nous contacter<\/h3>\n<p>[\/vc_column_text][vc_column_text css=&#8221;&#8221;]Si vous avez des questions sur nos Conditions de service, vous pouvez nous contacter :<\/p>\n<p><strong class=\"text-pink\">Courriel<\/strong> <a href=\"mailto:info@modernveterinarytherapeutics.com\">info@modernveterinarytherapeutics.com<\/a><\/p>\n<p><strong class=\"text-pink\">T\u00e9l\u00e9phone<\/strong> <a href=\"tel:8885909389\">888.590.9389<\/a>[\/vc_column_text][\/vc_column][\/vc_row]<\/p>\n<\/div>","protected":false},"excerpt":{"rendered":"<p>[vc_row row_type=&#8221;row&#8221; use_row_as_full_screen_section=&#8221;no&#8221; type=&#8221;full_width&#8221; angled_section=&#8221;no&#8221; text_align=&#8221;left&#8221; background_image_as_pattern=&#8221;without_pattern&#8221; css=&#8221;.vc_custom_1707501309784{background-color: #ffffff !important;}&#8221;][vc_column el_class=&#8221;width-narrow-container py-5 py-lg-6&#8243;][vc_column_text css=&#8221;.vc_custom_1721656901753{margin-bottom: 0px !important;}&#8221; el_class=&#8221;text-center pb-5 pb-lg-6&#8243;] Conditions d&#8217;Utilisation [\/vc_column_text][vc_column_text css=&#8221;&#8221;]En acc\u00e9dant ou en utilisant notre site Web [&hellip;]<\/p>\n","protected":false},"author":1,"featured_media":0,"parent":0,"menu_order":0,"comment_status":"closed","ping_status":"closed","template":"","meta":{"_acf_changed":false,"site-sidebar-layout":"no-sidebar","site-content-layout":"plain-container","ast-site-content-layout":"full-width-container","site-content-style":"default","site-sidebar-style":"default","ast-global-header-display":"","ast-banner-title-visibility":"","ast-main-header-display":"","ast-hfb-above-header-display":"","ast-hfb-below-header-display":"","ast-hfb-mobile-header-display":"","site-post-title":"disabled","ast-breadcrumbs-content":"","ast-featured-img":"disabled","footer-sml-layout":"","theme-transparent-header-meta":"default","adv-header-id-meta":"","stick-header-meta":"default","header-above-stick-meta":"","header-main-stick-meta":"","header-below-stick-meta":"","astra-migrate-meta-layouts":"set","ast-page-background-enabled":"default","ast-page-background-meta":{"desktop":{"background-color":"var(--ast-global-color-4)","background-image":"","background-repeat":"repeat","background-position":"center center","background-size":"auto","background-attachment":"scroll","background-type":"","background-media":"","overlay-type":"","overlay-color":"","overlay-opacity":"","overlay-gradient":""},"tablet":{"background-color":"","background-image":"","background-repeat":"repeat","background-position":"center center","background-size":"auto","background-attachment":"scroll","background-type":"","background-media":"","overlay-type":"","overlay-color":"","overlay-opacity":"","overlay-gradient":""},"mobile":{"background-color":"","background-image":"","background-repeat":"repeat","background-position":"center center","background-size":"auto","background-attachment":"scroll","background-type":"","background-media":"","overlay-type":"","overlay-color":"","overlay-opacity":"","overlay-gradient":""}},"ast-content-background-meta":{"desktop":{"background-color":"var(--ast-global-color-5)","background-image":"","background-repeat":"repeat","background-position":"center center","background-size":"auto","background-attachment":"scroll","background-type":"","background-media":"","overlay-type":"","overlay-color":"","overlay-opacity":"","overlay-gradient":""},"tablet":{"background-color":"var(--ast-global-color-5)","background-image":"","background-repeat":"repeat","background-position":"center center","background-size":"auto","background-attachment":"scroll","background-type":"","background-media":"","overlay-type":"","overlay-color":"","overlay-opacity":"","overlay-gradient":""},"mobile":{"background-color":"var(--ast-global-color-5)","background-image":"","background-repeat":"repeat","background-position":"center center","background-size":"auto","background-attachment":"scroll","background-type":"","background-media":"","overlay-type":"","overlay-color":"","overlay-opacity":"","overlay-gradient":""}},"footnotes":""},"class_list":["post-1263","page","type-page","status-publish","hentry"],"acf":[],"aioseo_notices":[],"_links":{"self":[{"href":"https:\/\/modernveterinarytherapeutics.com\/fr\/wp-json\/wp\/v2\/pages\/1263","targetHints":{"allow":["GET"]}}],"collection":[{"href":"https:\/\/modernveterinarytherapeutics.com\/fr\/wp-json\/wp\/v2\/pages"}],"about":[{"href":"https:\/\/modernveterinarytherapeutics.com\/fr\/wp-json\/wp\/v2\/types\/page"}],"author":[{"embeddable":true,"href":"https:\/\/modernveterinarytherapeutics.com\/fr\/wp-json\/wp\/v2\/users\/1"}],"replies":[{"embeddable":true,"href":"https:\/\/modernveterinarytherapeutics.com\/fr\/wp-json\/wp\/v2\/comments?post=1263"}],"version-history":[{"count":0,"href":"https:\/\/modernveterinarytherapeutics.com\/fr\/wp-json\/wp\/v2\/pages\/1263\/revisions"}],"wp:attachment":[{"href":"https:\/\/modernveterinarytherapeutics.com\/fr\/wp-json\/wp\/v2\/media?parent=1263"}],"curies":[{"name":"wp","href":"https:\/\/api.w.org\/{rel}","templated":true}]}}