{"id":1250,"date":"2024-02-06T09:04:16","date_gmt":"2024-02-06T14:04:16","guid":{"rendered":"https:\/\/modernveterinarytherapeutics.com\/?page_id=1250"},"modified":"2024-07-22T09:59:46","modified_gmt":"2024-07-22T13:59:46","slug":"politique-de-confidentialite","status":"publish","type":"page","link":"https:\/\/modernveterinarytherapeutics.com\/fr\/politique-de-confidentialite\/","title":{"rendered":"Politique de confidentialit\u00e9"},"content":{"rendered":"<div class=\"wpb-content-wrapper\"><p>[vc_row row_type=&#8221;row&#8221; use_row_as_full_screen_section=&#8221;no&#8221; type=&#8221;full_width&#8221; angled_section=&#8221;no&#8221; text_align=&#8221;left&#8221; background_image_as_pattern=&#8221;without_pattern&#8221; css=&#8221;.vc_custom_1707501309784{background-color: #ffffff !important;}&#8221;][vc_column el_class=&#8221;width-narrow-container py-5 py-lg-6&#8243;][vc_column_text css=&#8221;.vc_custom_1721656495919{margin-bottom: 0px !important;}&#8221; el_class=&#8221;text-center pb-4&#8243;]<\/p>\n<h1>Politique de confidentialit\u00e9<\/h1>\n<p>[\/vc_column_text][vc_column_text css=&#8221;.vc_custom_1721656501991{margin-bottom: 0px !important;}&#8221; el_class=&#8221;text-pink text-center pb-5&#8243;]<\/p>\n<h2>Derni\u00e8re mise \u00e0 jour le 17 novembre 2023<\/h2>\n<p>[\/vc_column_text][vc_column_text css=&#8221;&#8221;]Modern Veterinary Therapeutics (collectivement &#8220;nous&#8221;, &#8220;nos&#8221; ou &#8220;notre&#8221;) s&#8217;engage \u00e0 prot\u00e9ger la confidentialit\u00e9 et la s\u00e9curit\u00e9 de vos informations personnelles. Cette Politique de confidentialit\u00e9 est con\u00e7ue pour vous aider \u00e0 comprendre comment nous collectons, utilisons et prot\u00e9geons vos informations lorsque vous visitez notre site Web (ou &#8220;Service&#8221;) ou interagissez avec nous de quelque mani\u00e8re que ce soit. En utilisant le site Web de Modern Veterinary Therapeutics, vous consentez aux pratiques de donn\u00e9es d\u00e9crites dans cette d\u00e9claration. Modern Veterinary Therapeutics ne vend jamais d&#8217;informations personnelles.[\/vc_column_text][vc_column_text css=&#8221;&#8221;]<\/p>\n<h3>Informations personnelles<\/h3>\n<p>[\/vc_column_text][vc_column_text css=&#8221;&#8221;]Nous pouvons collecter des informations personnelles telles que votre nom, num\u00e9ro de t\u00e9l\u00e9phone, adresse e-mail, licence, adresse de livraison, adresse de facturation ou d&#8217;autres d\u00e9tails pertinents lorsque vous vous inscrivez sur notre site Web, vous abonnez \u00e0 nos newsletters ou participez \u00e0 d&#8217;autres activit\u00e9s. Nous utilisons vos informations personnelles pour fournir et am\u00e9liorer nos produits et services, r\u00e9pondre \u00e0 vos demandes et communiquer avec vous. Avec votre consentement, nous pouvons utiliser vos informations pour vous envoyer du mat\u00e9riel promotionnel, des newsletters et d&#8217;autres communications marketing.[\/vc_column_text][vc_column_text css=&#8221;&#8221;]<\/p>\n<h3>Informations sur les appareils et l&#8217;utilisation<\/h3>\n<p>[\/vc_column_text][vc_column_text css=&#8221;&#8221;]Nous pouvons collecter des informations sur l&#8217;appareil que vous utilisez pour acc\u00e9der \u00e0 notre site Web, y compris le type d&#8217;appareil, le syst\u00e8me d&#8217;exploitation et le type de navigateur. Nous pouvons collecter des informations sur vos interactions avec notre site Web, telles que les pages que vous visitez, les liens que vous cliquez et la dur\u00e9e de vos visites. Nous pouvons utiliser des outils d&#8217;analyse pour analyser les mod\u00e8les d&#8217;utilisation sur notre site Web et am\u00e9liorer l&#8217;exp\u00e9rience utilisateur.[\/vc_column_text][vc_column_text css=&#8221;&#8221;]<\/p>\n<h3>Enfants de moins de 13 ans<\/h3>\n<p>[\/vc_column_text][vc_column_text css=&#8221;&#8221;]Notre service ne s&#8217;adresse \u00e0 personne de moins de 13 ans. Nous ne collectons sciemment aucune information personnelle identifiable aupr\u00e8s de personne de moins de 13 ans.[\/vc_column_text][vc_column_text css=&#8221;&#8221;]<\/p>\n<h3>Exigences l\u00e9gales<\/h3>\n<p>[\/vc_column_text][vc_column_text css=&#8221;&#8221;]Nous pouvons divulguer vos informations si la loi l&#8217;exige ou en r\u00e9ponse \u00e0 une demande l\u00e9gale. Modern Veterinary Therapeutics peut divulguer vos donn\u00e9es personnelles de bonne foi, croyant qu&#8217;une telle action est n\u00e9cessaire pour se conformer \u00e0 une obligation l\u00e9gale, prot\u00e9ger et d\u00e9fendre les droits ou les biens de l&#8217;entreprise, pr\u00e9venir ou enqu\u00eater sur d&#8217;\u00e9ventuels actes r\u00e9pr\u00e9hensibles en lien avec le service, prot\u00e9ger la s\u00e9curit\u00e9 personnelle des utilisateurs du service ou du public, et se prot\u00e9ger contre la responsabilit\u00e9 l\u00e9gale.[\/vc_column_text][vc_column_text css=&#8221;&#8221;]<\/p>\n<h3>Technologies de suivi et cookies<\/h3>\n<p>[\/vc_column_text][vc_column_text css=&#8221;&#8221;]Nous utilisons \u00e0 la fois des cookies de session et persistants aux fins \u00e9nonc\u00e9es ci-dessous.[\/vc_column_text][vc_column_text css=&#8221;.vc_custom_1721656558187{margin-bottom: 0px !important;}&#8221; el_class=&#8221;text-pink&#8221;]<\/p>\n<h4>Cookies n\u00e9cessaires \/ essentiels<\/h4>\n<p>[\/vc_column_text][vc_column_text css=&#8221;.vc_custom_1721656562203{margin-bottom: 0px !important;}&#8221;]<strong>Type : Cookies de session<\/strong>[\/vc_column_text][vc_column_text css=&#8221;&#8221;]Ces cookies sont essentiels pour vous fournir des services disponibles sur le site Web et vous permettre d&#8217;utiliser certaines de ses fonctionnalit\u00e9s. Ils aident \u00e0 authentifier les utilisateurs et \u00e0 pr\u00e9venir une utilisation frauduleuse des comptes d&#8217;utilisateurs. Sans ces cookies, les services que vous avez demand\u00e9s ne peuvent pas \u00eatre fournis, et nous n&#8217;utilisons ces cookies que pour vous fournir ces services.[\/vc_column_text][vc_column_text css=&#8221;.vc_custom_1721656571099{margin-bottom: 0px !important;}&#8221; el_class=&#8221;text-pink&#8221;]<\/p>\n<h4>Cookies de politique \/ d&#8217;avis d&#8217;acceptation des cookies<\/h4>\n<p>[\/vc_column_text][vc_column_text css=&#8221;.vc_custom_1721656591251{margin-bottom: 0px !important;}&#8221;]<strong>Type : Cookies persistants\u2028<\/strong>[\/vc_column_text][vc_column_text css=&#8221;&#8221;]Ces cookies identifient si les utilisateurs ont accept\u00e9 l&#8217;utilisation de cookies sur le site Web.[\/vc_column_text][vc_column_text css=&#8221;.vc_custom_1721656596983{margin-bottom: 0px !important;}&#8221; el_class=&#8221;text-pink&#8221;]<\/p>\n<h4>Cookies de fonctionnalit\u00e9<\/h4>\n<p>[\/vc_column_text][vc_column_text css=&#8221;.vc_custom_1721656602540{margin-bottom: 0px !important;}&#8221;]<strong>Type : Cookies persistants\u2028<\/strong>[\/vc_column_text][vc_column_text css=&#8221;&#8221;]Ces cookies nous permettent de m\u00e9moriser les choix que vous faites lorsque vous utilisez le site Web, comme m\u00e9moriser vos d\u00e9tails de connexion ou vos pr\u00e9f\u00e9rences linguistiques. Le but de ces cookies est de vous fournir une exp\u00e9rience plus personnalis\u00e9e et d&#8217;\u00e9viter que vous ayez \u00e0 saisir \u00e0 nouveau vos pr\u00e9f\u00e9rences \u00e0 chaque fois que vous utilisez le site Web.[\/vc_column_text][vc_column_text css=&#8221;&#8221;]<\/p>\n<h3>Nous pouvons partager vos informations personnelles dans les situations suivantes<\/h3>\n<p>[\/vc_column_text][vc_column_text css=&#8221;.vc_custom_1721656616063{margin-bottom: 0px !important;}&#8221;]<\/p>\n<h4>Fournisseurs de services<\/h4>\n<p>[\/vc_column_text][vc_column_text css=&#8221;&#8221;]Nous pouvons partager vos informations personnelles avec des fournisseurs de services pour surveiller et analyser l&#8217;utilisation de notre service, pour vous contacter.[\/vc_column_text][vc_column_text css=&#8221;.vc_custom_1721656625056{margin-bottom: 0px !important;}&#8221;]<\/p>\n<h4>Transferts commerciaux<\/h4>\n<p>[\/vc_column_text][vc_column_text css=&#8221;&#8221;]Nous pouvons partager ou transf\u00e9rer vos informations personnelles dans le cadre de, ou pendant les n\u00e9gociations concernant, toute fusion, vente d&#8217;actifs de l&#8217;entreprise, financement ou acquisition de tout ou partie de notre entreprise \u00e0 une autre entreprise.[\/vc_column_text][vc_column_text css=&#8221;.vc_custom_1721656633844{margin-bottom: 0px !important;}&#8221;]<\/p>\n<h4>Avec les filiales<\/h4>\n<p>[\/vc_column_text][vc_column_text css=&#8221;&#8221;]Nous pouvons partager vos informations avec nos filiales, auquel cas nous demanderons \u00e0 ces filiales de respecter cette Politique de confidentialit\u00e9. Les filiales incluent notre soci\u00e9t\u00e9 m\u00e8re et toutes autres filiales, partenaires de coentreprise ou autres soci\u00e9t\u00e9s que nous contr\u00f4lons ou qui sont sous notre contr\u00f4le commun.[\/vc_column_text][vc_column_text css=&#8221;.vc_custom_1721656642916{margin-bottom: 0px !important;}&#8221;]<\/p>\n<h4>Avec des partenaires commerciaux<\/h4>\n<p>[\/vc_column_text][vc_column_text css=&#8221;&#8221;]Nous pouvons partager vos informations avec nos partenaires commerciaux pour vous offrir certains produits, services ou promotions.[\/vc_column_text][vc_column_text css=&#8221;.vc_custom_1721656651295{margin-bottom: 0px !important;}&#8221;]<\/p>\n<h4>Avec votre consentement<\/h4>\n<p>[\/vc_column_text][vc_column_text css=&#8221;&#8221;]Nous pouvons divulguer vos informations personnelles \u00e0 toute autre fin avec votre consentement.[\/vc_column_text][vc_column_text css=&#8221;&#8221;]<\/p>\n<h3>Conservation de vos donn\u00e9es personnelles<\/h3>\n<p>[\/vc_column_text][vc_column_text css=&#8221;&#8221;]Modern Veterinary Therapeutics ne conservera vos donn\u00e9es personnelles que le temps n\u00e9cessaire aux fins \u00e9nonc\u00e9es dans cette Politique de confidentialit\u00e9. Nous conserverons et utiliserons vos donn\u00e9es personnelles dans la mesure n\u00e9cessaire pour nous conformer \u00e0 nos obligations l\u00e9gales, r\u00e9soudre les litiges et faire respecter nos accords et politiques l\u00e9gaux.[\/vc_column_text][vc_column_text css=&#8221;&#8221;]Nous conserverons \u00e9galement les donn\u00e9es d&#8217;utilisation \u00e0 des fins d&#8217;analyse interne. Les donn\u00e9es d&#8217;utilisation sont g\u00e9n\u00e9ralement conserv\u00e9es pendant une p\u00e9riode plus courte, sauf lorsque ces donn\u00e9es sont utilis\u00e9es pour renforcer la s\u00e9curit\u00e9 ou am\u00e9liorer la fonctionnalit\u00e9 de notre service, ou lorsque nous sommes l\u00e9galement oblig\u00e9s de conserver ces donn\u00e9es pendant des p\u00e9riodes plus longues.[\/vc_column_text][vc_column_text css=&#8221;&#8221;]<\/p>\n<h3>Transfert de vos donn\u00e9es personnelles<\/h3>\n<p>[\/vc_column_text][vc_column_text css=&#8221;&#8221;]Vos informations, y compris les donn\u00e9es personnelles, sont trait\u00e9es dans les bureaux d&#8217;exploitation de l&#8217;entreprise et dans tout autre lieu o\u00f9 se trouvent les parties impliqu\u00e9es dans le traitement. Cela signifie que ces informations peuvent \u00eatre transf\u00e9r\u00e9es vers \u2014 et conserv\u00e9es sur \u2014 des ordinateurs situ\u00e9s en dehors de votre \u00c9tat, province, pays ou autre juridiction gouvernementale o\u00f9 les lois sur la protection des donn\u00e9es peuvent diff\u00e9rer de celles de votre juridiction.[\/vc_column_text][vc_column_text css=&#8221;&#8221;]Votre consentement \u00e0 cette Politique de confidentialit\u00e9, suivi de votre soumission de telles informations, repr\u00e9sente votre accord \u00e0 ce transfert.[\/vc_column_text][vc_column_text css=&#8221;&#8221;]Modern Veterinary Therapeutics prendra toutes les mesures raisonnablement n\u00e9cessaires pour garantir que vos donn\u00e9es sont trait\u00e9es en toute s\u00e9curit\u00e9 et conform\u00e9ment \u00e0 cette Politique de confidentialit\u00e9 et aucun transfert de vos donn\u00e9es personnelles n&#8217;aura lieu vers une organisation ou un pays \u00e0 moins qu&#8217;il n&#8217;y ait des contr\u00f4les ad\u00e9quats en place, y compris la s\u00e9curit\u00e9 de vos donn\u00e9es et autres informations personnelles.[\/vc_column_text][vc_column_text css=&#8221;&#8221;]<\/p>\n<h3>S\u00e9curit\u00e9 de vos donn\u00e9es personnelles<\/h3>\n<p>[\/vc_column_text][vc_column_text css=&#8221;&#8221;]La s\u00e9curit\u00e9 de vos donn\u00e9es personnelles est importante pour nous, mais n&#8217;oubliez pas qu&#8217;aucune m\u00e9thode de transmission sur Internet, ou m\u00e9thode de stockage \u00e9lectronique, n&#8217;est s\u00fbre \u00e0 100 %. Bien que nous nous efforcions d&#8217;utiliser des moyens commercialement acceptables pour prot\u00e9ger vos donn\u00e9es personnelles, Nous ne pouvons garantir leur s\u00e9curit\u00e9 absolue.[\/vc_column_text][vc_column_text css=&#8221;&#8221;]<\/p>\n<h3>Liens vers d&#8217;autres sites Web<\/h3>\n<p>[\/vc_column_text][vc_column_text css=&#8221;&#8221;]Notre Service peut contenir des liens vers d&#8217;autres sites Web qui ne sont pas exploit\u00e9s par nous. Si vous cliquez sur un lien tiers, vous serez dirig\u00e9 vers le site de ce tiers. Nous vous conseillons vivement de consulter la Politique de confidentialit\u00e9 de chaque site que vous visitez. Nous n&#8217;avons aucun contr\u00f4le sur et n&#8217;assumons aucune responsabilit\u00e9 quant au contenu, aux politiques de confidentialit\u00e9 ou aux pratiques de tout site ou service tiers.[\/vc_column_text][vc_column_text css=&#8221;&#8221;]<\/p>\n<h3>Changements \u00e0 cette politique de confidentialit\u00e9<\/h3>\n<p>[\/vc_column_text][vc_column_text css=&#8221;&#8221;]Nous pouvons mettre \u00e0 jour notre Politique de confidentialit\u00e9 de temps \u00e0 autre. Nous vous informerons de tout changement en publiant la nouvelle Politique de confidentialit\u00e9 sur cette page. Nous vous informerons \u00e9galement par e-mail et\/ou par un avis bien en vue sur notre service, avant que le changement ne devienne effectif et nous mettrons \u00e0 jour la date de &#8220;Derni\u00e8re mise \u00e0 jour&#8221; en haut de cette Politique de confidentialit\u00e9.[\/vc_column_text][vc_column_text css=&#8221;&#8221;]Il vous est conseill\u00e9 de consulter p\u00e9riodiquement cette Politique de confidentialit\u00e9 pour tout changement. Les changements apport\u00e9s \u00e0 cette Politique de confidentialit\u00e9 sont effectifs lorsqu&#8217;ils sont publi\u00e9s sur cette page.[\/vc_column_text][vc_column_text css=&#8221;&#8221;]<\/p>\n<h3>Nous contacter<\/h3>\n<p>[\/vc_column_text][vc_column_text css=&#8221;&#8221;]Si vous avez des questions sur cette Politique de confidentialit\u00e9, vous pouvez nous contacter :<\/p>\n<p><strong class=\"text-pink\">Courriel<\/strong> <a href=\"mailto:info@modernveterinarytherapeutics.com\">info@modernveterinarytherapeutics.com<\/a><\/p>\n<p><strong class=\"text-pink\">T\u00e9l\u00e9phone<\/strong> <a href=\"tel:8885909389\">888.590.9389<\/a>[\/vc_column_text][\/vc_column][\/vc_row]<\/p>\n<\/div>","protected":false},"excerpt":{"rendered":"<p>[vc_row row_type=&#8221;row&#8221; use_row_as_full_screen_section=&#8221;no&#8221; type=&#8221;full_width&#8221; angled_section=&#8221;no&#8221; text_align=&#8221;left&#8221; background_image_as_pattern=&#8221;without_pattern&#8221; css=&#8221;.vc_custom_1707501309784{background-color: #ffffff !important;}&#8221;][vc_column el_class=&#8221;width-narrow-container py-5 py-lg-6&#8243;][vc_column_text css=&#8221;.vc_custom_1721656495919{margin-bottom: 0px !important;}&#8221; el_class=&#8221;text-center pb-4&#8243;] Politique de confidentialit\u00e9 [\/vc_column_text][vc_column_text css=&#8221;.vc_custom_1721656501991{margin-bottom: 0px !important;}&#8221; el_class=&#8221;text-pink text-center pb-5&#8243;] Derni\u00e8re mise [&hellip;]<\/p>\n","protected":false},"author":1,"featured_media":0,"parent":0,"menu_order":0,"comment_status":"closed","ping_status":"closed","template":"","meta":{"_acf_changed":false,"site-sidebar-layout":"no-sidebar","site-content-layout":"plain-container","ast-site-content-layout":"full-width-container","site-content-style":"default","site-sidebar-style":"default","ast-global-header-display":"","ast-banner-title-visibility":"","ast-main-header-display":"","ast-hfb-above-header-display":"","ast-hfb-below-header-display":"","ast-hfb-mobile-header-display":"","site-post-title":"disabled","ast-breadcrumbs-content":"","ast-featured-img":"disabled","footer-sml-layout":"","theme-transparent-header-meta":"default","adv-header-id-meta":"","stick-header-meta":"default","header-above-stick-meta":"","header-main-stick-meta":"","header-below-stick-meta":"","astra-migrate-meta-layouts":"set","ast-page-background-enabled":"default","ast-page-background-meta":{"desktop":{"background-color":"var(--ast-global-color-4)","background-image":"","background-repeat":"repeat","background-position":"center center","background-size":"auto","background-attachment":"scroll","background-type":"","background-media":"","overlay-type":"","overlay-color":"","overlay-opacity":"","overlay-gradient":""},"tablet":{"background-color":"","background-image":"","background-repeat":"repeat","background-position":"center center","background-size":"auto","background-attachment":"scroll","background-type":"","background-media":"","overlay-type":"","overlay-color":"","overlay-opacity":"","overlay-gradient":""},"mobile":{"background-color":"","background-image":"","background-repeat":"repeat","background-position":"center center","background-size":"auto","background-attachment":"scroll","background-type":"","background-media":"","overlay-type":"","overlay-color":"","overlay-opacity":"","overlay-gradient":""}},"ast-content-background-meta":{"desktop":{"background-color":"var(--ast-global-color-5)","background-image":"","background-repeat":"repeat","background-position":"center center","background-size":"auto","background-attachment":"scroll","background-type":"","background-media":"","overlay-type":"","overlay-color":"","overlay-opacity":"","overlay-gradient":""},"tablet":{"background-color":"var(--ast-global-color-5)","background-image":"","background-repeat":"repeat","background-position":"center center","background-size":"auto","background-attachment":"scroll","background-type":"","background-media":"","overlay-type":"","overlay-color":"","overlay-opacity":"","overlay-gradient":""},"mobile":{"background-color":"var(--ast-global-color-5)","background-image":"","background-repeat":"repeat","background-position":"center center","background-size":"auto","background-attachment":"scroll","background-type":"","background-media":"","overlay-type":"","overlay-color":"","overlay-opacity":"","overlay-gradient":""}},"footnotes":""},"class_list":["post-1250","page","type-page","status-publish","hentry"],"acf":[],"aioseo_notices":[],"_links":{"self":[{"href":"https:\/\/modernveterinarytherapeutics.com\/fr\/wp-json\/wp\/v2\/pages\/1250","targetHints":{"allow":["GET"]}}],"collection":[{"href":"https:\/\/modernveterinarytherapeutics.com\/fr\/wp-json\/wp\/v2\/pages"}],"about":[{"href":"https:\/\/modernveterinarytherapeutics.com\/fr\/wp-json\/wp\/v2\/types\/page"}],"author":[{"embeddable":true,"href":"https:\/\/modernveterinarytherapeutics.com\/fr\/wp-json\/wp\/v2\/users\/1"}],"replies":[{"embeddable":true,"href":"https:\/\/modernveterinarytherapeutics.com\/fr\/wp-json\/wp\/v2\/comments?post=1250"}],"version-history":[{"count":0,"href":"https:\/\/modernveterinarytherapeutics.com\/fr\/wp-json\/wp\/v2\/pages\/1250\/revisions"}],"wp:attachment":[{"href":"https:\/\/modernveterinarytherapeutics.com\/fr\/wp-json\/wp\/v2\/media?parent=1250"}],"curies":[{"name":"wp","href":"https:\/\/api.w.org\/{rel}","templated":true}]}}