{"id":1213,"date":"2024-02-26T10:41:22","date_gmt":"2024-02-26T15:41:22","guid":{"rendered":"https:\/\/modernveterinarytherapeutics.com\/?page_id=1213"},"modified":"2024-07-22T10:45:01","modified_gmt":"2024-07-22T14:45:01","slug":"panier","status":"publish","type":"page","link":"https:\/\/modernveterinarytherapeutics.com\/fr\/panier\/","title":{"rendered":"Panier"},"content":{"rendered":"<div class=\"wpb-content-wrapper\"><p>[vc_row el_class=&#8221;width-container pt-5 pt-lg-6&#8243;][vc_column][vc_column_text css=&#8221;&#8221;]<\/p>\r\n<h1>Voir le panier<\/h1>\r\n<p>[\/vc_column_text][\/vc_column][\/vc_row][vc_row el_class=&#8221;width-container pb-5 pb-lg-6&#8243;][vc_column offset=&#8221;vc_col-md-8&#8243; el_class=&#8221;pr-lg-4&#8243;][vc_column_text]<\/p>\r\n<p>\n<p>\n[\/vc_column_text][\/vc_column][vc_column offset=&#8221;vc_col-md-4&#8243; el_class=&#8221;background-white p-3 border-radius-sm&#8221; el_id=&#8221;cart-sum&#8221;][vc_column_text css=&#8221;.vc_custom_1721659384603{margin-bottom: 0px !important;}&#8221; el_class=&#8221;pb-1&#8243;]<\/p>\r\n<h3>R\u00e9sum\u00e9<\/h3>\r\n<p>[\/vc_column_text][vc_column_text css=&#8221;&#8221;]Nous exp\u00e9dierons directement \u00e0 votre clinique. Aucun frais de livraison ne sera appliqu\u00e9. Les taxes appropri\u00e9es seront ajout\u00e9es \u00e0 toutes les commandes.[\/vc_column_text][vc_column_text css=&#8221;.vc_custom_1721659429696{margin-bottom: 0px !important;}&#8221; el_class=&#8221;pb-1&#8243;]<\/p>\r\n<h3>Paiement minimum<\/h3>\r\n<p>[\/vc_column_text][vc_column_text css=&#8221;&#8221;]Il y a une exigence de paiement minimum sur toutes les commandes. Ce montant nous aide \u00e0 couvrir les co\u00fbts associ\u00e9s au traitement et \u00e0 l&#8217;ex\u00e9cution des commandes.[\/vc_column_text][vc_column_text css=&#8221;.vc_custom_1721659485996{margin-bottom: 0px !important;}&#8221; el_class=&#8221;pb-1&#8243;]<\/p>\r\n<h3>Processus de commande<\/h3>\r\n<p>[\/vc_column_text][vc_column_text css=&#8221;&#8221;]Suite au processus de commande, notre \u00e9quipe examinera votre commande. Nous vous contacterons rapidement avec le total de la commande finalis\u00e9, incluant toutes les taxes applicables. Si vous avez des questions ou des pr\u00e9occupations pendant ce processus, n&#8217;h\u00e9sitez pas \u00e0 contacter notre \u00e9quipe de service client\u00e8le.[\/vc_column_text][\/vc_column][\/vc_row]<\/p><\/div>","protected":false},"excerpt":{"rendered":"<p>[vc_row el_class=&#8221;width-container pt-5 pt-lg-6&#8243;][vc_column][vc_column_text css=&#8221;&#8221;] Voir le panier [\/vc_column_text][\/vc_column][\/vc_row][vc_row el_class=&#8221;width-container pb-5 pb-lg-6&#8243;][vc_column offset=&#8221;vc_col-md-8&#8243; el_class=&#8221;pr-lg-4&#8243;][vc_column_text] [\/vc_column_text][\/vc_column][vc_column offset=&#8221;vc_col-md-4&#8243; el_class=&#8221;background-white p-3 border-radius-sm&#8221; el_id=&#8221;cart-sum&#8221;][vc_column_text css=&#8221;.vc_custom_1721659384603{margin-bottom: 0px !important;}&#8221; el_class=&#8221;pb-1&#8243;] R\u00e9sum\u00e9 [\/vc_column_text][vc_column_text css=&#8221;&#8221;]Nous exp\u00e9dierons directement \u00e0 [&hellip;]<\/p>\n","protected":false},"author":1,"featured_media":0,"parent":0,"menu_order":0,"comment_status":"closed","ping_status":"closed","template":"","meta":{"_acf_changed":false,"site-sidebar-layout":"no-sidebar","site-content-layout":"plain-container","ast-site-content-layout":"full-width-container","site-content-style":"default","site-sidebar-style":"default","ast-global-header-display":"","ast-banner-title-visibility":"","ast-main-header-display":"","ast-hfb-above-header-display":"","ast-hfb-below-header-display":"","ast-hfb-mobile-header-display":"","site-post-title":"disabled","ast-breadcrumbs-content":"","ast-featured-img":"disabled","footer-sml-layout":"","ast-disable-related-posts":"","theme-transparent-header-meta":"default","adv-header-id-meta":"","stick-header-meta":"default","header-above-stick-meta":"","header-main-stick-meta":"","header-below-stick-meta":"","astra-migrate-meta-layouts":"set","ast-page-background-enabled":"default","ast-page-background-meta":{"desktop":{"background-color":"var(--ast-global-color-4)","background-image":"","background-repeat":"repeat","background-position":"center center","background-size":"auto","background-attachment":"scroll","background-type":"","background-media":"","overlay-type":"","overlay-color":"","overlay-opacity":"","overlay-gradient":""},"tablet":{"background-color":"","background-image":"","background-repeat":"repeat","background-position":"center center","background-size":"auto","background-attachment":"scroll","background-type":"","background-media":"","overlay-type":"","overlay-color":"","overlay-opacity":"","overlay-gradient":""},"mobile":{"background-color":"","background-image":"","background-repeat":"repeat","background-position":"center center","background-size":"auto","background-attachment":"scroll","background-type":"","background-media":"","overlay-type":"","overlay-color":"","overlay-opacity":"","overlay-gradient":""}},"ast-content-background-meta":{"desktop":{"background-color":"var(--ast-global-color-5)","background-image":"","background-repeat":"repeat","background-position":"center center","background-size":"auto","background-attachment":"scroll","background-type":"","background-media":"","overlay-type":"","overlay-color":"","overlay-opacity":"","overlay-gradient":""},"tablet":{"background-color":"var(--ast-global-color-5)","background-image":"","background-repeat":"repeat","background-position":"center center","background-size":"auto","background-attachment":"scroll","background-type":"","background-media":"","overlay-type":"","overlay-color":"","overlay-opacity":"","overlay-gradient":""},"mobile":{"background-color":"var(--ast-global-color-5)","background-image":"","background-repeat":"repeat","background-position":"center center","background-size":"auto","background-attachment":"scroll","background-type":"","background-media":"","overlay-type":"","overlay-color":"","overlay-opacity":"","overlay-gradient":""}},"footnotes":""},"class_list":["post-1213","page","type-page","status-publish","hentry"],"acf":[],"aioseo_notices":[],"_links":{"self":[{"href":"https:\/\/modernveterinarytherapeutics.com\/fr\/wp-json\/wp\/v2\/pages\/1213","targetHints":{"allow":["GET"]}}],"collection":[{"href":"https:\/\/modernveterinarytherapeutics.com\/fr\/wp-json\/wp\/v2\/pages"}],"about":[{"href":"https:\/\/modernveterinarytherapeutics.com\/fr\/wp-json\/wp\/v2\/types\/page"}],"author":[{"embeddable":true,"href":"https:\/\/modernveterinarytherapeutics.com\/fr\/wp-json\/wp\/v2\/users\/1"}],"replies":[{"embeddable":true,"href":"https:\/\/modernveterinarytherapeutics.com\/fr\/wp-json\/wp\/v2\/comments?post=1213"}],"version-history":[{"count":0,"href":"https:\/\/modernveterinarytherapeutics.com\/fr\/wp-json\/wp\/v2\/pages\/1213\/revisions"}],"wp:attachment":[{"href":"https:\/\/modernveterinarytherapeutics.com\/fr\/wp-json\/wp\/v2\/media?parent=1213"}],"curies":[{"name":"wp","href":"https:\/\/api.w.org\/{rel}","templated":true}]}}