{"id":1198,"date":"2024-02-15T11:13:27","date_gmt":"2024-02-15T16:13:27","guid":{"rendered":"https:\/\/modernveterinarytherapeutics.com\/?page_id=1198"},"modified":"2024-08-07T13:49:46","modified_gmt":"2024-08-07T17:49:46","slug":"a-propos-de-nous","status":"publish","type":"page","link":"https:\/\/modernveterinarytherapeutics.com\/fr\/a-propos-de-nous\/","title":{"rendered":"\u00c0 propos de nous"},"content":{"rendered":"<div class=\"wpb-content-wrapper\"><p>[vc_row full_height=&#8221;yes&#8221; columns_placement=&#8221;top&#8221; content_placement=&#8221;top&#8221; css=&#8221;.vc_custom_1714488853859{background-image: url(http:\/\/modernveterinarytherapeutics.com\/wp-content\/uploads\/About-Hero-Updated.jpg?id=748) !important;background-position: center !important;background-repeat: no-repeat !important;background-size: cover !important;}&#8221; el_id=&#8221;hero&#8221;][vc_column el_class=&#8221;width-container py-5 py-lg-6 text-white&#8221;][vc_column_text css=&#8221;&#8221;]<\/p>\n<h1>\u00c0 Propos de Nous<\/h1>\n<p>[\/vc_column_text][vc_column_text css=&#8221;.vc_custom_1721410304494{margin-bottom: 0px !important;}&#8221;]Depuis 2005, nous sommes devenus un leader de confiance dans l&#8217;industrie des th\u00e9rapeutiques v\u00e9t\u00e9rinaires, d\u00e9di\u00e9s \u00e0 l&#8217;am\u00e9lioration du bien-\u00eatre des animaux et \u00e0 l&#8217;autonomisation des v\u00e9t\u00e9rinaires. Nous avons une \u00e9quipe dynamique apportant une expertise unique pour stimuler l&#8217;innovation collaborative.[\/vc_column_text][\/vc_column][\/vc_row][vc_row][vc_column el_class=&#8221;width-container py-5 py-lg-6&#8243;][vc_column_text css=&#8221;.vc_custom_1721410331382{margin-bottom: 0px !important;}&#8221; el_class=&#8221;text-center pb-5 pb-lg-6 seo-h1&#8243;]<\/p>\n<h2>Pourquoi Nous Choisir ?<\/h2>\n<p>[\/vc_column_text][vc_row_inner el_class=&#8221;d-lg-flex&#8221;][vc_column_inner el_class=&#8221;order-last pl-lg-4&#8243; offset=&#8221;vc_col-md-6&#8243;]\r\n<div class=\"accordion-wrap\">\r\n\t<button class=\"accordion\"><span class=\"bold\">Qualit\u00e9 &amp; S\u00e9curit\u00e9<\/span><\/button>\r\n\t<div class=\"panel closepanel\">\r\n\t\t<div class=\"inner\">\r\n\t\t\t<p>Nous sommes fiers de l&#8217;endroit o\u00f9 nos produits sont fabriqu\u00e9s. Avec des sites situ\u00e9s en Europe de l&#8217;Ouest, notre engagement envers l&#8217;excellence garantit que nos produits sont fabriqu\u00e9s selon des directives r\u00e9glementaires strictes et des mesures robustes de contr\u00f4le qualit\u00e9, garantissant la s\u00e9curit\u00e9. Ces installations respectent les normes de qualit\u00e9 les plus \u00e9lev\u00e9es, permettant aux v\u00e9t\u00e9rinaires d&#8217;avoir une confiance totale en leur efficacit\u00e9.<\/p>\n<p><a class=\"btn m-0\" href=\"\/fr\/tous-les-produits\/\"><strong>Voir les Produits<\/strong><\/a><\/p>\n\t\t<\/div>\r\n\t\t\r\n\t<\/div>\r\n<\/div>\r\n<div class=\"accordion-wrap\">\r\n\t<button class=\"accordion\"><span class=\"bold\">Support D\u00e9di\u00e9<\/span><\/button>\r\n\t<div class=\"panel closepanel\">\r\n\t\t<div class=\"inner\">\r\n\t\t\t<p>Notre \u00e9quipe de soutien personnalis\u00e9 comprend des v\u00e9t\u00e9rinaires consultants, des commerciaux et des sp\u00e9cialistes du service client\u00e8le qui sont l\u00e0 pour vous soutenir \u00e0 chaque \u00e9tape du processus. De la r\u00e9ponse aux questions relatives aux produits \u00e0 l&#8217;offre de conseils d&#8217;experts sur les options de traitement, nous nous effor\u00e7ons d&#8217;\u00eatre un partenaire fiable pour vous.<\/p>\n<p><button class=\"btn mb-0 btn-opencontact\"><strong>Entrer en Contact<\/strong><\/button><\/p>\n\t\t<\/div>\r\n\t\t\r\n\t<\/div>\r\n<\/div>\r\n<div class=\"accordion-wrap\">\r\n\t<button class=\"accordion\"><span class=\"bold\">Expertise \u00c9prouv\u00e9e<\/span><\/button>\r\n\t<div class=\"panel closepanel\">\r\n\t\t<div class=\"inner\">\r\n\t\t\t<p>Fond\u00e9e par un v\u00e9t\u00e9rinaire, pour les v\u00e9t\u00e9rinaires. Notre entreprise poss\u00e8de une expertise sp\u00e9cialis\u00e9e dans l&#8217;industrie des soins de sant\u00e9 animale et a d\u00e9velopp\u00e9 une compr\u00e9hension approfondie des besoins uniques et des d\u00e9fis auxquels les v\u00e9t\u00e9rinaires sont confront\u00e9s au quotidien.<\/p>\n<p><button class=\"btn mb-0 btn-opencontact\"><strong>Entrer en Contact<\/strong><\/button><\/p>\n\t\t<\/div>\r\n\t\t\r\n\t<\/div>\r\n<\/div>\r\n<div class=\"accordion-wrap\">\r\n\t<button class=\"accordion\"><span class=\"bold\">Innovation Pionni\u00e8re<\/span><\/button>\r\n\t<div class=\"panel closepanel\">\r\n\t\t<div class=\"inner\">\r\n\t\t\t<p>En lib\u00e9rant notre passion pour l&#8217;innovation, nous d\u00e9veloppons un portefeuille riche de produits th\u00e9rapeutiques. Nous nous effor\u00e7ons de proposer les produits que les v\u00e9t\u00e9rinaires demandent tout en introduisant de nouvelles mol\u00e9cules sur le march\u00e9.<\/p>\n<p><a class=\"btn m-0\" href=\"\/fr\/tous-les-produits\/\"><strong>Voir les Produits<\/strong><\/a><\/p>\n\t\t<\/div>\r\n\t\t\r\n\t<\/div>\r\n<\/div>[\/vc_column_inner][vc_column_inner el_class=&#8221;pt-5 pt-lg-0 pr-lg-5&#8243; offset=&#8221;vc_col-md-6&#8243;][vc_single_image image=&#8221;757&#8243; img_size=&#8221;full&#8221; alignment=&#8221;center&#8221; css=&#8221;.vc_custom_1713891342148{margin-bottom: 0px !important;}&#8221; el_class=&#8221;border-radius&#8221;][\/vc_column_inner][\/vc_row_inner][vc_row_inner el_class=&#8221;d-lg-flex pt-5 pt-lg-6&#8243;][vc_column_inner el_class=&#8221;pr-lg-4&#8243; offset=&#8221;vc_col-md-6&#8243;][vc_column_text css=&#8221;&#8221; el_class=&#8221;seo-h1&#8243;]<\/p>\n<h2>Nous Pla\u00e7ons Toujours les V\u00e9t\u00e9rinaires en Premier !<\/h2>\n<p>[\/vc_column_text][vc_column_text css=&#8221;&#8221; el_class=&#8221;pt-4&#8243;]<\/p>\n<h3>Notre Mission<\/h3>\n<p>[\/vc_column_text][vc_column_text css=&#8221;&#8221;]Fournir aux v\u00e9t\u00e9rinaires une gamme sp\u00e9cialis\u00e9e de produits th\u00e9rapeutiques de haute qualit\u00e9, soutenus par notre d\u00e9vouement \u00e0 offrir le plus haut niveau de soins aux animaux, tout en rendant leur travail vital plus facile et plus efficace.[\/vc_column_text][vc_separator color=&#8221;custom&#8221; border_width=&#8221;2&#8243; accent_color=&#8221;#d6385e&#8221;][vc_column_text css=&#8221;&#8221; el_class=&#8221;pt-4&#8243;]<\/p>\n<h3>Notre Vision<\/h3>\n<p>[\/vc_column_text][vc_column_text css=&#8221;&#8221;]Aider les v\u00e9t\u00e9rinaires en leur fournissant un soutien complet et une gamme de produits sp\u00e9cialis\u00e9s.[\/vc_column_text][vc_separator color=&#8221;custom&#8221; border_width=&#8221;2&#8243; accent_color=&#8221;#d6385e&#8221;][\/vc_column_inner][vc_column_inner el_class=&#8221;pt-5 pt-lg-0 pl-lg-5&#8243; offset=&#8221;vc_col-md-6&#8243;][vc_single_image image=&#8221;750&#8243; img_size=&#8221;full&#8221; alignment=&#8221;center&#8221; css=&#8221;.vc_custom_1714488981945{margin-bottom: 0px !important;}&#8221; el_class=&#8221;border-radius&#8221;][\/vc_column_inner][\/vc_row_inner][\/vc_column][\/vc_row][vc_row css=&#8221;.vc_custom_1708015742106{background-color: #ffffff !important;}&#8221;][vc_column el_class=&#8221;width-container py-5 py-lg-6&#8243;][vc_row_inner][vc_column_inner el_class=&#8221;text-center&#8221; offset=&#8221;vc_col-lg-offset-3 vc_col-lg-6 vc_col-md-offset-2 vc_col-md-8&#8243;][vc_column_text css=&#8221;&#8221; el_class=&#8221;seo-h1&#8243;]<\/p>\n<h2>Deux Lieux de Bureau<\/h2>\n<p>[\/vc_column_text][vc_column_text css=&#8221;.vc_custom_1723052971550{margin-bottom: 0px !important;}&#8221; el_class=&#8221;pb-5 pb-lg-6&#8243;]Nous avons des bureaux et centres de distribution situ\u00e9s en <span class=\"text-pink\">Alberta, Canada<\/span> et en<span class=\"text-pink\"> Floride, \u00c9tats-Unis<\/span>. Ces lieux dynamiques servent de centres d&#8217;innovation, de collaboration et d&#8217;engagement client. Avons-nous mentionn\u00e9 que nos bureaux sont \u00e9galement ouverts aux chiens ?[\/vc_column_text][\/vc_column_inner][\/vc_row_inner][vc_row_inner][vc_column_inner el_class=&#8221;pr-lg-4&#8243; offset=&#8221;vc_col-md-6&#8243;][vc_single_image image=&#8221;753&#8243; img_size=&#8221;full&#8221; alignment=&#8221;center&#8221; css=&#8221;.vc_custom_1714489036469{margin-bottom: 0px !important;}&#8221; el_class=&#8221;border-radius&#8221;][\/vc_column_inner][vc_column_inner el_class=&#8221;pl-lg-4 pt-5 pt-lg-0&#8243; offset=&#8221;vc_col-md-6&#8243;][vc_single_image image=&#8221;755&#8243; img_size=&#8221;full&#8221; alignment=&#8221;center&#8221; css=&#8221;.vc_custom_1714489045576{margin-bottom: 0px !important;}&#8221; el_class=&#8221;border-radius&#8221;][\/vc_column_inner][\/vc_row_inner][\/vc_column][\/vc_row][vc_row el_class=&#8221;background-pink&#8221;][vc_column el_class=&#8221;width-container py-5 py-lg-6 text-white&#8221;][vc_column_text css=&#8221;&#8221; el_class=&#8221;seo-h1 pb-2&#8243;]<\/p>\n<h2>\u00cates-vous une Entreprise Internationale de Sant\u00e9 Animale ou Pharmaceutique Cherchant \u00e0 S&#8217;\u00e9tendre ? Parlons-en !<\/h2>\n<p>[\/vc_column_text]\r\n<a id=\"\" class=\"btn btn-pink m-0\"  onclick=\"openContactModal();\" href=\"javascript:void(0)\"  ><span>Connecter<\/span><\/a>[\/vc_column][\/vc_row]<\/p>\n<\/div>","protected":false},"excerpt":{"rendered":"<p>[vc_row full_height=&#8221;yes&#8221; columns_placement=&#8221;top&#8221; content_placement=&#8221;top&#8221; css=&#8221;.vc_custom_1714488853859{background-image: url(http:\/\/modernveterinarytherapeutics.com\/wp-content\/uploads\/About-Hero-Updated.jpg?id=748) !important;background-position: center !important;background-repeat: no-repeat !important;background-size: cover !important;}&#8221; el_id=&#8221;hero&#8221;][vc_column el_class=&#8221;width-container py-5 py-lg-6 text-white&#8221;][vc_column_text css=&#8221;&#8221;] \u00c0 Propos de Nous [\/vc_column_text][vc_column_text css=&#8221;.vc_custom_1721410304494{margin-bottom: 0px !important;}&#8221;]Depuis 2005, nous sommes [&hellip;]<\/p>\n","protected":false},"author":1,"featured_media":0,"parent":0,"menu_order":0,"comment_status":"closed","ping_status":"closed","template":"","meta":{"_acf_changed":false,"site-sidebar-layout":"no-sidebar","site-content-layout":"plain-container","ast-site-content-layout":"full-width-container","site-content-style":"default","site-sidebar-style":"default","ast-global-header-display":"","ast-banner-title-visibility":"","ast-main-header-display":"","ast-hfb-above-header-display":"","ast-hfb-below-header-display":"","ast-hfb-mobile-header-display":"","site-post-title":"disabled","ast-breadcrumbs-content":"","ast-featured-img":"disabled","footer-sml-layout":"","theme-transparent-header-meta":"default","adv-header-id-meta":"","stick-header-meta":"default","header-above-stick-meta":"","header-main-stick-meta":"","header-below-stick-meta":"","astra-migrate-meta-layouts":"set","ast-page-background-enabled":"default","ast-page-background-meta":{"desktop":{"background-color":"var(--ast-global-color-4)","background-image":"","background-repeat":"repeat","background-position":"center center","background-size":"auto","background-attachment":"scroll","background-type":"","background-media":"","overlay-type":"","overlay-color":"","overlay-opacity":"","overlay-gradient":""},"tablet":{"background-color":"","background-image":"","background-repeat":"repeat","background-position":"center center","background-size":"auto","background-attachment":"scroll","background-type":"","background-media":"","overlay-type":"","overlay-color":"","overlay-opacity":"","overlay-gradient":""},"mobile":{"background-color":"","background-image":"","background-repeat":"repeat","background-position":"center center","background-size":"auto","background-attachment":"scroll","background-type":"","background-media":"","overlay-type":"","overlay-color":"","overlay-opacity":"","overlay-gradient":""}},"ast-content-background-meta":{"desktop":{"background-color":"var(--ast-global-color-5)","background-image":"","background-repeat":"repeat","background-position":"center center","background-size":"auto","background-attachment":"scroll","background-type":"","background-media":"","overlay-type":"","overlay-color":"","overlay-opacity":"","overlay-gradient":""},"tablet":{"background-color":"var(--ast-global-color-5)","background-image":"","background-repeat":"repeat","background-position":"center center","background-size":"auto","background-attachment":"scroll","background-type":"","background-media":"","overlay-type":"","overlay-color":"","overlay-opacity":"","overlay-gradient":""},"mobile":{"background-color":"var(--ast-global-color-5)","background-image":"","background-repeat":"repeat","background-position":"center center","background-size":"auto","background-attachment":"scroll","background-type":"","background-media":"","overlay-type":"","overlay-color":"","overlay-opacity":"","overlay-gradient":""}},"footnotes":""},"class_list":["post-1198","page","type-page","status-publish","hentry"],"acf":[],"aioseo_notices":[],"_links":{"self":[{"href":"https:\/\/modernveterinarytherapeutics.com\/fr\/wp-json\/wp\/v2\/pages\/1198","targetHints":{"allow":["GET"]}}],"collection":[{"href":"https:\/\/modernveterinarytherapeutics.com\/fr\/wp-json\/wp\/v2\/pages"}],"about":[{"href":"https:\/\/modernveterinarytherapeutics.com\/fr\/wp-json\/wp\/v2\/types\/page"}],"author":[{"embeddable":true,"href":"https:\/\/modernveterinarytherapeutics.com\/fr\/wp-json\/wp\/v2\/users\/1"}],"replies":[{"embeddable":true,"href":"https:\/\/modernveterinarytherapeutics.com\/fr\/wp-json\/wp\/v2\/comments?post=1198"}],"version-history":[{"count":0,"href":"https:\/\/modernveterinarytherapeutics.com\/fr\/wp-json\/wp\/v2\/pages\/1198\/revisions"}],"wp:attachment":[{"href":"https:\/\/modernveterinarytherapeutics.com\/fr\/wp-json\/wp\/v2\/media?parent=1198"}],"curies":[{"name":"wp","href":"https:\/\/api.w.org\/{rel}","templated":true}]}}